{"id":179,"date":"2014-05-12T05:48:59","date_gmt":"2014-05-12T08:48:59","guid":{"rendered":"http:\/\/inspirythemesdemo.com\/medicalpress\/?page_id=177"},"modified":"2025-02-05T21:48:37","modified_gmt":"2025-02-06T00:48:37","slug":"contato","status":"publish","type":"page","link":"https:\/\/clinicacorrentedobem.com.br\/?page_id=179","title":{"rendered":"Contato"},"content":{"rendered":"\t\t<div data-elementor-type=\"wp-page\" data-elementor-id=\"179\" class=\"elementor elementor-179\" data-elementor-post-type=\"page\">\n\t\t\t\t\t\t<section class=\"elementor-section elementor-top-section elementor-element elementor-element-6f14466a elementor-section-boxed elementor-section-height-default elementor-section-height-default\" data-id=\"6f14466a\" data-element_type=\"section\" data-e-type=\"section\">\n\t\t\t\t\t\t<div class=\"elementor-container elementor-column-gap-default\">\n\t\t\t\t\t<div class=\"elementor-column elementor-col-100 elementor-top-column elementor-element elementor-element-614a87c5\" data-id=\"614a87c5\" data-element_type=\"column\" data-e-type=\"column\">\n\t\t\t<div class=\"elementor-widget-wrap elementor-element-populated\">\n\t\t\t\t\t\t<div class=\"elementor-element elementor-element-62c3628f elementor-widget elementor-widget-text-editor\" data-id=\"62c3628f\" data-element_type=\"widget\" data-e-type=\"widget\" data-widget_type=\"text-editor.default\">\n\t\t\t\t<div class=\"elementor-widget-container\">\n\t\t\t\t\t\t\t\t\t<h2>Fale Conosco<\/h2><p>Entre em contato conosco atrav\u00e9s do formul\u00e1rio, telefone ou e-mail.<\/p>\t\t\t\t\t\t\t\t<\/div>\n\t\t\t\t<\/div>\n\t\t\t\t\t<\/div>\n\t\t<\/div>\n\t\t\t\t\t<\/div>\n\t\t<\/section>\n\t\t\t\t<section class=\"elementor-section elementor-top-section elementor-element elementor-element-be0f914 elementor-section-boxed elementor-section-height-default elementor-section-height-default\" data-id=\"be0f914\" data-element_type=\"section\" data-e-type=\"section\">\n\t\t\t\t\t\t<div class=\"elementor-container elementor-column-gap-wide\">\n\t\t\t\t\t<div class=\"elementor-column elementor-col-50 elementor-top-column elementor-element elementor-element-28ed084\" data-id=\"28ed084\" data-element_type=\"column\" data-e-type=\"column\">\n\t\t\t<div class=\"elementor-widget-wrap elementor-element-populated\">\n\t\t\t\t\t\t<div class=\"elementor-element elementor-element-4bda9f7 elementor-button-align-stretch elementor-widget elementor-widget-form\" data-id=\"4bda9f7\" data-element_type=\"widget\" data-e-type=\"widget\" data-settings=\"{&quot;step_next_label&quot;:&quot;Next&quot;,&quot;step_previous_label&quot;:&quot;Previous&quot;,&quot;button_width&quot;:&quot;100&quot;,&quot;step_type&quot;:&quot;number_text&quot;,&quot;step_icon_shape&quot;:&quot;circle&quot;}\" data-widget_type=\"form.default\">\n\t\t\t\t<div class=\"elementor-widget-container\">\n\t\t\t\t\t\t\t<form class=\"elementor-form\" method=\"post\" name=\"New Form\" aria-label=\"New Form\">\n\t\t\t<input type=\"hidden\" name=\"post_id\" value=\"179\"\/>\n\t\t\t<input type=\"hidden\" name=\"form_id\" value=\"4bda9f7\"\/>\n\t\t\t<input type=\"hidden\" name=\"referer_title\" value=\"Contato - Cl\u00ednica Corrente do Bem\" \/>\n\n\t\t\t\t\t\t\t<input type=\"hidden\" name=\"queried_id\" value=\"179\"\/>\n\t\t\t\n\t\t\t<div class=\"elementor-form-fields-wrapper elementor-labels-above\">\n\t\t\t\t\t\t\t\t<div class=\"elementor-field-type-text elementor-field-group elementor-column elementor-field-group-name elementor-col-100\">\n\t\t\t\t\t\t\t\t\t\t\t\t\t<input size=\"1\" type=\"text\" name=\"form_fields[name]\" id=\"form-field-name\" class=\"elementor-field elementor-size-sm  elementor-field-textual\" placeholder=\"Nome\">\n\t\t\t\t\t\t\t\t\t\t\t<\/div>\n\t\t\t\t\t\t\t\t<div class=\"elementor-field-type-email elementor-field-group elementor-column elementor-field-group-email elementor-col-100 elementor-field-required\">\n\t\t\t\t\t\t\t\t\t\t\t\t\t<input size=\"1\" type=\"email\" name=\"form_fields[email]\" id=\"form-field-email\" class=\"elementor-field elementor-size-sm  elementor-field-textual\" placeholder=\"Email\" required=\"required\">\n\t\t\t\t\t\t\t\t\t\t\t<\/div>\n\t\t\t\t\t\t\t\t<div class=\"elementor-field-type-textarea elementor-field-group elementor-column elementor-field-group-message elementor-col-100\">\n\t\t\t\t\t<textarea class=\"elementor-field-textual elementor-field  elementor-size-sm\" name=\"form_fields[message]\" id=\"form-field-message\" rows=\"4\" placeholder=\"Assunto\"><\/textarea>\t\t\t\t<\/div>\n\t\t\t\t\t\t\t\t<div class=\"elementor-field-group elementor-column elementor-field-type-submit elementor-col-100 e-form__buttons\">\n\t\t\t\t\t<button class=\"elementor-button elementor-size-sm\" type=\"submit\">\n\t\t\t\t\t\t<span class=\"elementor-button-content-wrapper\">\n\t\t\t\t\t\t\t\t\t\t\t\t\t\t\t\t\t\t\t\t\t\t<span class=\"elementor-button-text\">Enviar<\/span>\n\t\t\t\t\t\t\t\t\t\t\t\t\t<\/span>\n\t\t\t\t\t<\/button>\n\t\t\t\t<\/div>\n\t\t\t<\/div>\n\t\t<\/form>\n\t\t\t\t\t\t<\/div>\n\t\t\t\t<\/div>\n\t\t\t\t\t<\/div>\n\t\t<\/div>\n\t\t\t\t<div class=\"elementor-column elementor-col-50 elementor-top-column elementor-element elementor-element-214141b\" data-id=\"214141b\" data-element_type=\"column\" data-e-type=\"column\">\n\t\t\t<div class=\"elementor-widget-wrap elementor-element-populated\">\n\t\t\t\t\t\t<div class=\"elementor-element elementor-element-c7fa967 elementor-widget elementor-widget-text-editor\" data-id=\"c7fa967\" data-element_type=\"widget\" data-e-type=\"widget\" data-widget_type=\"text-editor.default\">\n\t\t\t\t<div class=\"elementor-widget-container\">\n\t\t\t\t\t\t\t\t\t<p>Estamos aqui para ajudar voc\u00ea ou seu ente querido a dar o primeiro passo rumo \u00e0 recupera\u00e7\u00e3o. Entre em contato conosco para esclarecer d\u00favidas, obter informa\u00e7\u00f5es detalhadas sobre nossos servi\u00e7os ou agendar uma avalia\u00e7\u00e3o personalizada.<\/p>\n<p>Nossa equipe est\u00e1 \u00e0 disposi\u00e7\u00e3o para oferecer um atendimento acolhedor e sigiloso, respeitando a sua privacidade e necessidades.<\/p>\t\t\t\t\t\t\t\t<\/div>\n\t\t\t\t<\/div>\n\t\t\t\t<section class=\"elementor-section elementor-inner-section elementor-element elementor-element-a1198a5 elementor-section-boxed elementor-section-height-default elementor-section-height-default\" data-id=\"a1198a5\" data-element_type=\"section\" data-e-type=\"section\">\n\t\t\t\t\t\t<div class=\"elementor-container elementor-column-gap-default\">\n\t\t\t\t\t<div class=\"elementor-column elementor-col-50 elementor-inner-column elementor-element elementor-element-d44bcae\" data-id=\"d44bcae\" data-element_type=\"column\" data-e-type=\"column\">\n\t\t\t<div class=\"elementor-widget-wrap elementor-element-populated\">\n\t\t\t\t\t\t<div class=\"elementor-element elementor-element-5a4d69d elementor-align-center elementor-widget elementor-widget-button\" data-id=\"5a4d69d\" data-element_type=\"widget\" data-e-type=\"widget\" data-widget_type=\"button.default\">\n\t\t\t\t<div class=\"elementor-widget-container\">\n\t\t\t\t\t\t\t\t\t<div class=\"elementor-button-wrapper\">\n\t\t\t\t\t<a class=\"elementor-button elementor-button-link elementor-size-sm\" href=\"https:\/\/wa.me\/5511999240515?text=Vim%20atrav%C3%A9s%20do%20site%20%22Corrente%20do%20Bem%22%20Gostaria%20de%20saber%20mais%20informa%C3%A7%C3%B5es...\">\n\t\t\t\t\t\t<span class=\"elementor-button-content-wrapper\">\n\t\t\t\t\t\t<span class=\"elementor-button-icon\">\n\t\t\t\t<i aria-hidden=\"true\" class=\"fab fa-whatsapp\"><\/i>\t\t\t<\/span>\n\t\t\t\t\t\t\t\t\t<span class=\"elementor-button-text\">WhatsApp<\/span>\n\t\t\t\t\t<\/span>\n\t\t\t\t\t<\/a>\n\t\t\t\t<\/div>\n\t\t\t\t\t\t\t\t<\/div>\n\t\t\t\t<\/div>\n\t\t\t\t\t<\/div>\n\t\t<\/div>\n\t\t\t\t<div class=\"elementor-column elementor-col-50 elementor-inner-column elementor-element elementor-element-46362df\" data-id=\"46362df\" data-element_type=\"column\" data-e-type=\"column\">\n\t\t\t<div class=\"elementor-widget-wrap elementor-element-populated\">\n\t\t\t\t\t\t<div class=\"elementor-element elementor-element-3cd5d4c elementor-align-center elementor-widget__width-initial elementor-widget elementor-widget-button\" data-id=\"3cd5d4c\" data-element_type=\"widget\" data-e-type=\"widget\" data-widget_type=\"button.default\">\n\t\t\t\t<div class=\"elementor-widget-container\">\n\t\t\t\t\t\t\t\t\t<div class=\"elementor-button-wrapper\">\n\t\t\t\t\t<a class=\"elementor-button elementor-button-link elementor-size-sm\" href=\"tel:+5511999240515\">\n\t\t\t\t\t\t<span class=\"elementor-button-content-wrapper\">\n\t\t\t\t\t\t<span class=\"elementor-button-icon\">\n\t\t\t\t<i aria-hidden=\"true\" class=\"fas fa-phone-alt\"><\/i>\t\t\t<\/span>\n\t\t\t\t\t\t\t\t\t<span class=\"elementor-button-text\">11 99924-0515<\/span>\n\t\t\t\t\t<\/span>\n\t\t\t\t\t<\/a>\n\t\t\t\t<\/div>\n\t\t\t\t\t\t\t\t<\/div>\n\t\t\t\t<\/div>\n\t\t\t\t\t<\/div>\n\t\t<\/div>\n\t\t\t\t\t<\/div>\n\t\t<\/section>\n\t\t\t\t\t<\/div>\n\t\t<\/div>\n\t\t\t\t\t<\/div>\n\t\t<\/section>\n\t\t\t\t<\/div>\n\t\t","protected":false},"excerpt":{"rendered":"<p>Fale Conosco Entre em contato conosco atrav\u00e9s do formul\u00e1rio, telefone ou e-mail. Estamos aqui para ajudar voc\u00ea ou seu ente querido a dar o primeiro passo rumo \u00e0 recupera\u00e7\u00e3o. Entre em contato conosco para esclarecer d\u00favidas, obter informa\u00e7\u00f5es detalhadas sobre nossos servi\u00e7os ou agendar uma avalia\u00e7\u00e3o personalizada. Nossa equipe est\u00e1 \u00e0 disposi\u00e7\u00e3o para oferecer um [&hellip;]<\/p>\n","protected":false},"author":1,"featured_media":0,"parent":0,"menu_order":0,"comment_status":"closed","ping_status":"closed","template":"","meta":{"footnotes":""},"class_list":["post-179","page","type-page","status-publish","hentry"],"yoast_head":"<!-- This site is optimized with the Yoast SEO plugin v27.4 - https:\/\/yoast.com\/product\/yoast-seo-wordpress\/ -->\n<title>Contato - Cl\u00ednica Corrente do Bem<\/title>\n<meta name=\"robots\" content=\"index, follow, max-snippet:-1, max-image-preview:large, max-video-preview:-1\" \/>\n<link rel=\"canonical\" href=\"https:\/\/clinicacorrentedobem.com.br\/?page_id=179\" \/>\n<meta property=\"og:locale\" content=\"pt_BR\" \/>\n<meta property=\"og:type\" content=\"article\" \/>\n<meta property=\"og:title\" content=\"Contato - Cl\u00ednica Corrente do Bem\" \/>\n<meta property=\"og:description\" content=\"Fale Conosco Entre em contato conosco atrav\u00e9s do formul\u00e1rio, telefone ou e-mail. Estamos aqui para ajudar voc\u00ea ou seu ente querido a dar o primeiro passo rumo \u00e0 recupera\u00e7\u00e3o. Entre em contato conosco para esclarecer d\u00favidas, obter informa\u00e7\u00f5es detalhadas sobre nossos servi\u00e7os ou agendar uma avalia\u00e7\u00e3o personalizada. Nossa equipe est\u00e1 \u00e0 disposi\u00e7\u00e3o para oferecer um [&hellip;]\" \/>\n<meta property=\"og:url\" content=\"https:\/\/clinicacorrentedobem.com.br\/?page_id=179\" \/>\n<meta property=\"og:site_name\" content=\"Cl\u00ednica Corrente do Bem\" \/>\n<meta property=\"article:modified_time\" content=\"2025-02-06T00:48:37+00:00\" \/>\n<meta name=\"twitter:card\" content=\"summary_large_image\" \/>\n<meta name=\"twitter:label1\" content=\"Est. tempo de leitura\" \/>\n\t<meta name=\"twitter:data1\" content=\"1 minuto\" \/>\n<script type=\"application\/ld+json\" class=\"yoast-schema-graph\">{\"@context\":\"https:\\\/\\\/schema.org\",\"@graph\":[{\"@type\":\"WebPage\",\"@id\":\"https:\\\/\\\/clinicacorrentedobem.com.br\\\/?page_id=179\",\"url\":\"https:\\\/\\\/clinicacorrentedobem.com.br\\\/?page_id=179\",\"name\":\"Contato - Cl\u00ednica Corrente do Bem\",\"isPartOf\":{\"@id\":\"https:\\\/\\\/clinicacorrentedobem.com.br\\\/#website\"},\"datePublished\":\"2014-05-12T08:48:59+00:00\",\"dateModified\":\"2025-02-06T00:48:37+00:00\",\"breadcrumb\":{\"@id\":\"https:\\\/\\\/clinicacorrentedobem.com.br\\\/?page_id=179#breadcrumb\"},\"inLanguage\":\"pt-BR\",\"potentialAction\":[{\"@type\":\"ReadAction\",\"target\":[\"https:\\\/\\\/clinicacorrentedobem.com.br\\\/?page_id=179\"]}]},{\"@type\":\"BreadcrumbList\",\"@id\":\"https:\\\/\\\/clinicacorrentedobem.com.br\\\/?page_id=179#breadcrumb\",\"itemListElement\":[{\"@type\":\"ListItem\",\"position\":1,\"name\":\"In\u00edcio\",\"item\":\"https:\\\/\\\/clinicacorrentedobem.com.br\\\/\"},{\"@type\":\"ListItem\",\"position\":2,\"name\":\"Contato\"}]},{\"@type\":\"WebSite\",\"@id\":\"https:\\\/\\\/clinicacorrentedobem.com.br\\\/#website\",\"url\":\"https:\\\/\\\/clinicacorrentedobem.com.br\\\/\",\"name\":\"Cl\u00ednica Corrente do Bem\",\"description\":\"Depend\u00eancia Qu\u00edmica, Alcoolismo e Transtornos Mentais\",\"potentialAction\":[{\"@type\":\"SearchAction\",\"target\":{\"@type\":\"EntryPoint\",\"urlTemplate\":\"https:\\\/\\\/clinicacorrentedobem.com.br\\\/?s={search_term_string}\"},\"query-input\":{\"@type\":\"PropertyValueSpecification\",\"valueRequired\":true,\"valueName\":\"search_term_string\"}}],\"inLanguage\":\"pt-BR\"}]}<\/script>\n<!-- \/ Yoast SEO plugin. -->","yoast_head_json":{"title":"Contato - Cl\u00ednica Corrente do Bem","robots":{"index":"index","follow":"follow","max-snippet":"max-snippet:-1","max-image-preview":"max-image-preview:large","max-video-preview":"max-video-preview:-1"},"canonical":"https:\/\/clinicacorrentedobem.com.br\/?page_id=179","og_locale":"pt_BR","og_type":"article","og_title":"Contato - Cl\u00ednica Corrente do Bem","og_description":"Fale Conosco Entre em contato conosco atrav\u00e9s do formul\u00e1rio, telefone ou e-mail. Estamos aqui para ajudar voc\u00ea ou seu ente querido a dar o primeiro passo rumo \u00e0 recupera\u00e7\u00e3o. Entre em contato conosco para esclarecer d\u00favidas, obter informa\u00e7\u00f5es detalhadas sobre nossos servi\u00e7os ou agendar uma avalia\u00e7\u00e3o personalizada. Nossa equipe est\u00e1 \u00e0 disposi\u00e7\u00e3o para oferecer um [&hellip;]","og_url":"https:\/\/clinicacorrentedobem.com.br\/?page_id=179","og_site_name":"Cl\u00ednica Corrente do Bem","article_modified_time":"2025-02-06T00:48:37+00:00","twitter_card":"summary_large_image","twitter_misc":{"Est. tempo de leitura":"1 minuto"},"schema":{"@context":"https:\/\/schema.org","@graph":[{"@type":"WebPage","@id":"https:\/\/clinicacorrentedobem.com.br\/?page_id=179","url":"https:\/\/clinicacorrentedobem.com.br\/?page_id=179","name":"Contato - Cl\u00ednica Corrente do Bem","isPartOf":{"@id":"https:\/\/clinicacorrentedobem.com.br\/#website"},"datePublished":"2014-05-12T08:48:59+00:00","dateModified":"2025-02-06T00:48:37+00:00","breadcrumb":{"@id":"https:\/\/clinicacorrentedobem.com.br\/?page_id=179#breadcrumb"},"inLanguage":"pt-BR","potentialAction":[{"@type":"ReadAction","target":["https:\/\/clinicacorrentedobem.com.br\/?page_id=179"]}]},{"@type":"BreadcrumbList","@id":"https:\/\/clinicacorrentedobem.com.br\/?page_id=179#breadcrumb","itemListElement":[{"@type":"ListItem","position":1,"name":"In\u00edcio","item":"https:\/\/clinicacorrentedobem.com.br\/"},{"@type":"ListItem","position":2,"name":"Contato"}]},{"@type":"WebSite","@id":"https:\/\/clinicacorrentedobem.com.br\/#website","url":"https:\/\/clinicacorrentedobem.com.br\/","name":"Cl\u00ednica Corrente do Bem","description":"Depend\u00eancia Qu\u00edmica, Alcoolismo e Transtornos Mentais","potentialAction":[{"@type":"SearchAction","target":{"@type":"EntryPoint","urlTemplate":"https:\/\/clinicacorrentedobem.com.br\/?s={search_term_string}"},"query-input":{"@type":"PropertyValueSpecification","valueRequired":true,"valueName":"search_term_string"}}],"inLanguage":"pt-BR"}]}},"_links":{"self":[{"href":"https:\/\/clinicacorrentedobem.com.br\/index.php?rest_route=\/wp\/v2\/pages\/179","targetHints":{"allow":["GET"]}}],"collection":[{"href":"https:\/\/clinicacorrentedobem.com.br\/index.php?rest_route=\/wp\/v2\/pages"}],"about":[{"href":"https:\/\/clinicacorrentedobem.com.br\/index.php?rest_route=\/wp\/v2\/types\/page"}],"author":[{"embeddable":true,"href":"https:\/\/clinicacorrentedobem.com.br\/index.php?rest_route=\/wp\/v2\/users\/1"}],"replies":[{"embeddable":true,"href":"https:\/\/clinicacorrentedobem.com.br\/index.php?rest_route=%2Fwp%2Fv2%2Fcomments&post=179"}],"version-history":[{"count":31,"href":"https:\/\/clinicacorrentedobem.com.br\/index.php?rest_route=\/wp\/v2\/pages\/179\/revisions"}],"predecessor-version":[{"id":3060,"href":"https:\/\/clinicacorrentedobem.com.br\/index.php?rest_route=\/wp\/v2\/pages\/179\/revisions\/3060"}],"wp:attachment":[{"href":"https:\/\/clinicacorrentedobem.com.br\/index.php?rest_route=%2Fwp%2Fv2%2Fmedia&parent=179"}],"curies":[{"name":"wp","href":"https:\/\/api.w.org\/{rel}","templated":true}]}}