{"id":537,"date":"2017-05-16T20:25:53","date_gmt":"2017-05-16T23:25:53","guid":{"rendered":"http:\/\/localhost\/wordpress\/teste\/?page_id=537"},"modified":"2024-12-11T13:32:46","modified_gmt":"2024-12-11T16:32:46","slug":"quem-somos","status":"publish","type":"page","link":"https:\/\/clinicacorrentedobem.com.br\/?page_id=537","title":{"rendered":"Quem Somos"},"content":{"rendered":"\t\t<div data-elementor-type=\"wp-page\" data-elementor-id=\"537\" class=\"elementor elementor-537\" data-elementor-post-type=\"page\">\n\t\t\t\t\t\t<section class=\"elementor-section elementor-top-section elementor-element elementor-element-4f127d60 elementor-section-boxed elementor-section-height-default elementor-section-height-default\" data-id=\"4f127d60\" data-element_type=\"section\" data-e-type=\"section\">\n\t\t\t\t\t\t<div class=\"elementor-container elementor-column-gap-default\">\n\t\t\t\t\t<div class=\"elementor-column elementor-col-100 elementor-top-column elementor-element elementor-element-2828b11a\" data-id=\"2828b11a\" data-element_type=\"column\" data-e-type=\"column\">\n\t\t\t<div class=\"elementor-widget-wrap elementor-element-populated\">\n\t\t\t\t\t\t<div class=\"elementor-element elementor-element-6a428183 elementor-widget elementor-widget-text-editor\" data-id=\"6a428183\" data-element_type=\"widget\" data-e-type=\"widget\" data-widget_type=\"text-editor.default\">\n\t\t\t\t<div class=\"elementor-widget-container\">\n\t\t\t\t\t\t\t\t\t<div id=\"pl-537\" class=\"panel-layout\"><div id=\"pg-537-0\" class=\"panel-grid panel-no-style\" data-style=\"{&quot;background_image_attachment&quot;:false,&quot;background_display&quot;:&quot;tile&quot;,&quot;cell_alignment&quot;:&quot;flex-start&quot;}\" data-ratio=\"1\" data-ratio-direction=\"right\"><div id=\"pgc-537-0-0\" class=\"panel-grid-cell\" data-weight=\"1\"><div id=\"panel-537-0-0-0\" class=\"so-panel widget widget_text panel-first-child panel-last-child\" data-index=\"0\" data-style=\"{&quot;background_image_attachment&quot;:false,&quot;background_display&quot;:&quot;tile&quot;}\"><div class=\"textwidget\"><p style=\"text-align: justify;\">A <strong>Cl\u00ednica Corrente do Bem<\/strong> foram criadas com o intuito de oferecer o que h\u00e1 de mais avan\u00e7ado em rela\u00e7\u00e3o a tratamento em Depend\u00eancia Qu\u00edmica, Alcoolismo e Transtornos Psiqui\u00e1tricos em geral.<\/p><p style=\"text-align: justify;\">Estruturas diferenciadas e uma equipe multidisciplinar completa como Psiquiatra, Psic\u00f3logo, Enfermagem, Nutricionista, Cozinheira, Seguran\u00e7a e Terapeuta 24 horas.<\/p><p style=\"text-align: justify;\">Atividade F\u00edsica, Terapia Ocupacionais, Lazer e entretenimento, dentre outras atividades.<\/p><p style=\"text-align: justify;\">Oferecemos agilidade no atendimento e direcionamento para a Unidade correspondente ao perfil do (a) paciente, com diversas op\u00e7\u00f5es de Cl\u00ednicas de Reabilita\u00e7\u00e3o no Estado de S\u00e3o Paulo e em todo o Brasil, com valores diferenciados.<\/p><\/div><\/div><\/div><\/div><div id=\"pg-537-1\" class=\"panel-grid panel-no-style\" data-style=\"{&quot;background_image_attachment&quot;:false,&quot;background_display&quot;:&quot;tile&quot;,&quot;cell_alignment&quot;:&quot;flex-start&quot;}\" data-ratio=\"1\" data-ratio-direction=\"right\"><div id=\"pgc-537-1-0\" class=\"panel-grid-cell\" data-weight=\"1\"><div id=\"panel-537-1-0-0\" class=\"so-panel widget widget_sow-image panel-first-child panel-last-child\" data-index=\"1\" data-style=\"{&quot;background_image_attachment&quot;:false,&quot;background_display&quot;:&quot;tile&quot;}\">[siteorigin_widget class=&#8221;SiteOrigin_Widget_Image_Widget&#8221;]<input type=\"hidden\" value=\"{&quot;instance&quot;:{&quot;image&quot;:1187,&quot;image_fallback&quot;:&quot;&quot;,&quot;size&quot;:&quot;medium_large&quot;,&quot;align&quot;:&quot;default&quot;,&quot;title_align&quot;:&quot;default&quot;,&quot;title&quot;:&quot;&quot;,&quot;title_position&quot;:&quot;hidden&quot;,&quot;alt&quot;:&quot;&quot;,&quot;url&quot;:&quot;&quot;,&quot;bound&quot;:true,&quot;new_window&quot;:false,&quot;full_width&quot;:false,&quot;so_sidebar_emulator_id&quot;:&quot;sow-image-53710001&quot;,&quot;option_name&quot;:&quot;widget_sow-image&quot;},&quot;args&quot;:{&quot;before_widget&quot;:&quot;&lt;div id=\\&quot;panel-537-1-0-0\\&quot; class=\\&quot;so-panel widget widget_sow-image panel-first-child panel-last-child\\&quot; data-index=\\&quot;1\\&quot; data-style=\\&quot;{&amp;quot;background_image_attachment&amp;quot;:false,&amp;quot;background_display&amp;quot;:&amp;quot;tile&amp;quot;}\\&quot; &gt;&quot;,&quot;after_widget&quot;:&quot;&lt;\\\/div&gt;&quot;,&quot;before_title&quot;:&quot;&lt;h3 class=\\&quot;widget-title\\&quot;&gt;&quot;,&quot;after_title&quot;:&quot;&lt;\\\/h3&gt;&quot;,&quot;widget_id&quot;:&quot;widget-1-0-0&quot;}}\" \/>[\/siteorigin_widget]<\/div><\/div><\/div><div id=\"pg-537-2\" class=\"panel-grid panel-no-style\" data-style=\"{&quot;background_image_attachment&quot;:false,&quot;background_display&quot;:&quot;tile&quot;,&quot;cell_alignment&quot;:&quot;flex-start&quot;}\" data-ratio=\"1\" data-ratio-direction=\"right\"><div id=\"pgc-537-2-0\" class=\"panel-grid-cell\" data-weight=\"1\"><div id=\"panel-537-2-0-0\" class=\"so-panel widget widget_text panel-first-child panel-last-child\" data-index=\"2\" data-style=\"{&quot;background_image_attachment&quot;:false,&quot;background_display&quot;:&quot;tile&quot;}\"><div class=\"textwidget\"><h4>Miss\u00e3o, vis\u00e3o e valores<\/h4><p align=\"justify\"><strong>Miss\u00e3o:\u00a0<\/strong>Realizar a triagem de acordo com o perfil de cada residente, encaminhando para nossa rede conveniada, buscando um tratamento individualizado e inovador com resultados positivos.<\/p><p align=\"justify\"><strong>Vis\u00e3o:<\/strong>\u00a0Restabelecer a qualidade de vida e reinser\u00e7\u00e3o social dos residentes e orientar as fam\u00edlias a como lidar com eles durante e ap\u00f3s o tratamento.<\/p><p align=\"justify\"><strong>Valores:<\/strong>\u00a0\u00c9tica, profissionalismo, empatia, respeito, amor, assertividade e responsabilidade.<\/p><\/div><\/div><\/div><\/div><div id=\"pg-537-3\" class=\"panel-grid panel-no-style\" data-style=\"{&quot;background_image_attachment&quot;:false,&quot;background_display&quot;:&quot;tile&quot;,&quot;cell_alignment&quot;:&quot;flex-start&quot;}\" data-ratio=\"1\" data-ratio-direction=\"right\"><div id=\"pgc-537-3-0\" class=\"panel-grid-cell\" data-weight=\"1\"><div id=\"panel-537-3-0-0\" class=\"so-panel widget widget_text panel-first-child panel-last-child\" data-index=\"3\" data-style=\"{&quot;padding&quot;:&quot;30px 30px 30px 20px&quot;,&quot;background&quot;:&quot;#efefef&quot;,&quot;background_image_attachment&quot;:false,&quot;background_display&quot;:&quot;contain&quot;}\"><div class=\"panel-widget-style panel-widget-style-for-537-3-0-0\"><div class=\"textwidget\"><h4>Fale Conosco<\/h4><p>Entre em contato conosco atrav\u00e9s do formul\u00e1rio, telefone, chat ou e-mail.<\/p><div class=\"col-lg-9 col-md-8 col-sm-12 \"><form id=\"contact_form\" class=\"contact-form\" action=\"http:\/\/localhost\/wordpress\/wp-admin\/admin-ajax.php\" method=\"post\"><div class=\"row\"><div class=\"col-lg-12 col-md-12 col-sm-12\"><div id=\"response-container\">\u00a0<\/div><\/div><\/div><\/form><\/div><\/div><\/div><\/div><\/div><\/div><\/div>\t\t\t\t\t\t\t\t<\/div>\n\t\t\t\t<\/div>\n\t\t\t\t\t<\/div>\n\t\t<\/div>\n\t\t\t\t\t<\/div>\n\t\t<\/section>\n\t\t\t\t<section class=\"elementor-section elementor-top-section elementor-element elementor-element-9f57759 elementor-section-boxed elementor-section-height-default elementor-section-height-default\" data-id=\"9f57759\" data-element_type=\"section\" data-e-type=\"section\">\n\t\t\t\t\t\t<div class=\"elementor-container elementor-column-gap-wide\">\n\t\t\t\t\t<div class=\"elementor-column elementor-col-50 elementor-top-column elementor-element elementor-element-c0efb11\" data-id=\"c0efb11\" data-element_type=\"column\" data-e-type=\"column\">\n\t\t\t<div class=\"elementor-widget-wrap elementor-element-populated\">\n\t\t\t\t\t\t<div class=\"elementor-element elementor-element-9f0ce98 elementor-button-align-stretch elementor-widget elementor-widget-form\" data-id=\"9f0ce98\" data-element_type=\"widget\" data-e-type=\"widget\" data-settings=\"{&quot;step_next_label&quot;:&quot;Next&quot;,&quot;step_previous_label&quot;:&quot;Previous&quot;,&quot;button_width&quot;:&quot;100&quot;,&quot;step_type&quot;:&quot;number_text&quot;,&quot;step_icon_shape&quot;:&quot;circle&quot;}\" data-widget_type=\"form.default\">\n\t\t\t\t<div class=\"elementor-widget-container\">\n\t\t\t\t\t\t\t<form class=\"elementor-form\" method=\"post\" name=\"New Form\" aria-label=\"New Form\">\n\t\t\t<input type=\"hidden\" name=\"post_id\" value=\"537\"\/>\n\t\t\t<input type=\"hidden\" name=\"form_id\" value=\"9f0ce98\"\/>\n\t\t\t<input type=\"hidden\" name=\"referer_title\" value=\"Quem Somos - Cl\u00ednica Corrente do Bem\" \/>\n\n\t\t\t\t\t\t\t<input type=\"hidden\" name=\"queried_id\" value=\"537\"\/>\n\t\t\t\n\t\t\t<div class=\"elementor-form-fields-wrapper elementor-labels-above\">\n\t\t\t\t\t\t\t\t<div class=\"elementor-field-type-text elementor-field-group elementor-column elementor-field-group-name elementor-col-100\">\n\t\t\t\t\t\t\t\t\t\t\t\t\t<input size=\"1\" type=\"text\" name=\"form_fields[name]\" id=\"form-field-name\" class=\"elementor-field elementor-size-sm  elementor-field-textual\" placeholder=\"Nome\">\n\t\t\t\t\t\t\t\t\t\t\t<\/div>\n\t\t\t\t\t\t\t\t<div class=\"elementor-field-type-email elementor-field-group elementor-column elementor-field-group-email elementor-col-100 elementor-field-required\">\n\t\t\t\t\t\t\t\t\t\t\t\t\t<input size=\"1\" type=\"email\" name=\"form_fields[email]\" id=\"form-field-email\" class=\"elementor-field elementor-size-sm  elementor-field-textual\" placeholder=\"Email\" required=\"required\">\n\t\t\t\t\t\t\t\t\t\t\t<\/div>\n\t\t\t\t\t\t\t\t<div class=\"elementor-field-type-textarea elementor-field-group elementor-column elementor-field-group-message elementor-col-100\">\n\t\t\t\t\t<textarea class=\"elementor-field-textual elementor-field  elementor-size-sm\" name=\"form_fields[message]\" id=\"form-field-message\" rows=\"4\" placeholder=\"Assunto\"><\/textarea>\t\t\t\t<\/div>\n\t\t\t\t\t\t\t\t<div class=\"elementor-field-group elementor-column elementor-field-type-submit elementor-col-100 e-form__buttons\">\n\t\t\t\t\t<button class=\"elementor-button elementor-size-sm\" type=\"submit\">\n\t\t\t\t\t\t<span class=\"elementor-button-content-wrapper\">\n\t\t\t\t\t\t\t\t\t\t\t\t\t\t\t\t\t\t\t\t\t\t<span class=\"elementor-button-text\">Enviar<\/span>\n\t\t\t\t\t\t\t\t\t\t\t\t\t<\/span>\n\t\t\t\t\t<\/button>\n\t\t\t\t<\/div>\n\t\t\t<\/div>\n\t\t<\/form>\n\t\t\t\t\t\t<\/div>\n\t\t\t\t<\/div>\n\t\t\t\t\t<\/div>\n\t\t<\/div>\n\t\t\t\t<div class=\"elementor-column elementor-col-50 elementor-top-column elementor-element elementor-element-0f4c8aa\" data-id=\"0f4c8aa\" data-element_type=\"column\" data-e-type=\"column\">\n\t\t\t<div class=\"elementor-widget-wrap elementor-element-populated\">\n\t\t\t\t\t\t<div class=\"elementor-element elementor-element-414f05a elementor-widget elementor-widget-text-editor\" data-id=\"414f05a\" data-element_type=\"widget\" data-e-type=\"widget\" data-widget_type=\"text-editor.default\">\n\t\t\t\t<div class=\"elementor-widget-container\">\n\t\t\t\t\t\t\t\t\t<p>Estamos aqui para ajudar voc\u00ea ou seu ente querido a dar o primeiro passo rumo \u00e0 recupera\u00e7\u00e3o. Entre em contato conosco para esclarecer d\u00favidas, obter informa\u00e7\u00f5es detalhadas sobre nossos servi\u00e7os ou agendar uma avalia\u00e7\u00e3o personalizada.<\/p><p>Nossa equipe est\u00e1 \u00e0 disposi\u00e7\u00e3o para oferecer um atendimento acolhedor e sigiloso, respeitando a sua privacidade e necessidades.<\/p>\t\t\t\t\t\t\t\t<\/div>\n\t\t\t\t<\/div>\n\t\t\t\t<section class=\"elementor-section elementor-inner-section elementor-element elementor-element-e7831f5 elementor-section-boxed elementor-section-height-default elementor-section-height-default\" data-id=\"e7831f5\" data-element_type=\"section\" data-e-type=\"section\">\n\t\t\t\t\t\t<div class=\"elementor-container elementor-column-gap-default\">\n\t\t\t\t\t<div class=\"elementor-column elementor-col-50 elementor-inner-column elementor-element elementor-element-afe1981\" data-id=\"afe1981\" data-element_type=\"column\" data-e-type=\"column\">\n\t\t\t<div class=\"elementor-widget-wrap elementor-element-populated\">\n\t\t\t\t\t\t<div class=\"elementor-element elementor-element-647da05 elementor-align-center elementor-widget elementor-widget-button\" data-id=\"647da05\" data-element_type=\"widget\" data-e-type=\"widget\" data-widget_type=\"button.default\">\n\t\t\t\t<div class=\"elementor-widget-container\">\n\t\t\t\t\t\t\t\t\t<div class=\"elementor-button-wrapper\">\n\t\t\t\t\t<a class=\"elementor-button elementor-button-link elementor-size-sm\" href=\"https:\/\/wa.me\/5511997342805?text=Vim%20atrav%C3%A9s%20do%20site%20%22Corrente%20do%20Bem%22%20Gostaria%20de%20saber%20mais%20informa%C3%A7%C3%B5es...\">\n\t\t\t\t\t\t<span class=\"elementor-button-content-wrapper\">\n\t\t\t\t\t\t<span class=\"elementor-button-icon\">\n\t\t\t\t<i aria-hidden=\"true\" class=\"fab fa-whatsapp\"><\/i>\t\t\t<\/span>\n\t\t\t\t\t\t\t\t\t<span class=\"elementor-button-text\">WhatsApp<\/span>\n\t\t\t\t\t<\/span>\n\t\t\t\t\t<\/a>\n\t\t\t\t<\/div>\n\t\t\t\t\t\t\t\t<\/div>\n\t\t\t\t<\/div>\n\t\t\t\t\t<\/div>\n\t\t<\/div>\n\t\t\t\t<div class=\"elementor-column elementor-col-50 elementor-inner-column elementor-element elementor-element-f5931c7\" data-id=\"f5931c7\" data-element_type=\"column\" data-e-type=\"column\">\n\t\t\t<div class=\"elementor-widget-wrap elementor-element-populated\">\n\t\t\t\t\t\t<div class=\"elementor-element elementor-element-97b56e0 elementor-align-center elementor-widget__width-initial elementor-widget elementor-widget-button\" data-id=\"97b56e0\" data-element_type=\"widget\" data-e-type=\"widget\" data-widget_type=\"button.default\">\n\t\t\t\t<div class=\"elementor-widget-container\">\n\t\t\t\t\t\t\t\t\t<div class=\"elementor-button-wrapper\">\n\t\t\t\t\t<a class=\"elementor-button elementor-button-link elementor-size-sm\" href=\"tel:+5511997342805\">\n\t\t\t\t\t\t<span class=\"elementor-button-content-wrapper\">\n\t\t\t\t\t\t<span class=\"elementor-button-icon\">\n\t\t\t\t<i aria-hidden=\"true\" class=\"fas fa-phone-alt\"><\/i>\t\t\t<\/span>\n\t\t\t\t\t\t\t\t\t<span class=\"elementor-button-text\">11 99734-2805<\/span>\n\t\t\t\t\t<\/span>\n\t\t\t\t\t<\/a>\n\t\t\t\t<\/div>\n\t\t\t\t\t\t\t\t<\/div>\n\t\t\t\t<\/div>\n\t\t\t\t\t<\/div>\n\t\t<\/div>\n\t\t\t\t\t<\/div>\n\t\t<\/section>\n\t\t\t\t\t<\/div>\n\t\t<\/div>\n\t\t\t\t\t<\/div>\n\t\t<\/section>\n\t\t\t\t<\/div>\n\t\t","protected":false},"excerpt":{"rendered":"<p>A Cl\u00ednica Corrente do Bem foram criadas com o intuito de oferecer o que h\u00e1 de mais avan\u00e7ado em rela\u00e7\u00e3o a tratamento em Depend\u00eancia Qu\u00edmica, Alcoolismo e Transtornos Psiqui\u00e1tricos em geral. Estruturas diferenciadas e uma equipe multidisciplinar completa como Psiquiatra, Psic\u00f3logo, Enfermagem, Nutricionista, Cozinheira, Seguran\u00e7a e Terapeuta 24 horas. Atividade F\u00edsica, Terapia Ocupacionais, Lazer e [&hellip;]<\/p>\n","protected":false},"author":1,"featured_media":0,"parent":0,"menu_order":0,"comment_status":"closed","ping_status":"closed","template":"","meta":{"footnotes":""},"class_list":["post-537","page","type-page","status-publish","hentry"],"yoast_head":"<!-- This site is optimized with the Yoast SEO plugin v27.4 - https:\/\/yoast.com\/product\/yoast-seo-wordpress\/ -->\n<title>Quem Somos - Cl\u00ednica Corrente do Bem<\/title>\n<meta name=\"robots\" content=\"index, follow, max-snippet:-1, max-image-preview:large, max-video-preview:-1\" \/>\n<link rel=\"canonical\" href=\"https:\/\/clinicacorrentedobem.com.br\/?page_id=537\" \/>\n<meta property=\"og:locale\" content=\"pt_BR\" \/>\n<meta property=\"og:type\" content=\"article\" \/>\n<meta property=\"og:title\" content=\"Quem Somos - Cl\u00ednica Corrente do Bem\" \/>\n<meta property=\"og:description\" content=\"A Cl\u00ednica Corrente do Bem foram criadas com o intuito de oferecer o que h\u00e1 de mais avan\u00e7ado em rela\u00e7\u00e3o a tratamento em Depend\u00eancia Qu\u00edmica, Alcoolismo e Transtornos Psiqui\u00e1tricos em geral. Estruturas diferenciadas e uma equipe multidisciplinar completa como Psiquiatra, Psic\u00f3logo, Enfermagem, Nutricionista, Cozinheira, Seguran\u00e7a e Terapeuta 24 horas. Atividade F\u00edsica, Terapia Ocupacionais, Lazer e [&hellip;]\" \/>\n<meta property=\"og:url\" content=\"https:\/\/clinicacorrentedobem.com.br\/?page_id=537\" \/>\n<meta property=\"og:site_name\" content=\"Cl\u00ednica Corrente do Bem\" \/>\n<meta property=\"article:modified_time\" content=\"2024-12-11T16:32:46+00:00\" \/>\n<meta name=\"twitter:card\" content=\"summary_large_image\" \/>\n<meta name=\"twitter:label1\" content=\"Est. tempo de leitura\" \/>\n\t<meta name=\"twitter:data1\" content=\"2 minutos\" \/>\n<script type=\"application\/ld+json\" class=\"yoast-schema-graph\">{\"@context\":\"https:\\\/\\\/schema.org\",\"@graph\":[{\"@type\":\"WebPage\",\"@id\":\"https:\\\/\\\/clinicacorrentedobem.com.br\\\/?page_id=537\",\"url\":\"https:\\\/\\\/clinicacorrentedobem.com.br\\\/?page_id=537\",\"name\":\"Quem Somos - Cl\u00ednica Corrente do Bem\",\"isPartOf\":{\"@id\":\"https:\\\/\\\/clinicacorrentedobem.com.br\\\/#website\"},\"datePublished\":\"2017-05-16T23:25:53+00:00\",\"dateModified\":\"2024-12-11T16:32:46+00:00\",\"breadcrumb\":{\"@id\":\"https:\\\/\\\/clinicacorrentedobem.com.br\\\/?page_id=537#breadcrumb\"},\"inLanguage\":\"pt-BR\",\"potentialAction\":[{\"@type\":\"ReadAction\",\"target\":[\"https:\\\/\\\/clinicacorrentedobem.com.br\\\/?page_id=537\"]}]},{\"@type\":\"BreadcrumbList\",\"@id\":\"https:\\\/\\\/clinicacorrentedobem.com.br\\\/?page_id=537#breadcrumb\",\"itemListElement\":[{\"@type\":\"ListItem\",\"position\":1,\"name\":\"In\u00edcio\",\"item\":\"https:\\\/\\\/clinicacorrentedobem.com.br\\\/\"},{\"@type\":\"ListItem\",\"position\":2,\"name\":\"Quem Somos\"}]},{\"@type\":\"WebSite\",\"@id\":\"https:\\\/\\\/clinicacorrentedobem.com.br\\\/#website\",\"url\":\"https:\\\/\\\/clinicacorrentedobem.com.br\\\/\",\"name\":\"Cl\u00ednica Corrente do Bem\",\"description\":\"Depend\u00eancia Qu\u00edmica, Alcoolismo e Transtornos Mentais\",\"potentialAction\":[{\"@type\":\"SearchAction\",\"target\":{\"@type\":\"EntryPoint\",\"urlTemplate\":\"https:\\\/\\\/clinicacorrentedobem.com.br\\\/?s={search_term_string}\"},\"query-input\":{\"@type\":\"PropertyValueSpecification\",\"valueRequired\":true,\"valueName\":\"search_term_string\"}}],\"inLanguage\":\"pt-BR\"}]}<\/script>\n<!-- \/ Yoast SEO plugin. -->","yoast_head_json":{"title":"Quem Somos - Cl\u00ednica Corrente do Bem","robots":{"index":"index","follow":"follow","max-snippet":"max-snippet:-1","max-image-preview":"max-image-preview:large","max-video-preview":"max-video-preview:-1"},"canonical":"https:\/\/clinicacorrentedobem.com.br\/?page_id=537","og_locale":"pt_BR","og_type":"article","og_title":"Quem Somos - Cl\u00ednica Corrente do Bem","og_description":"A Cl\u00ednica Corrente do Bem foram criadas com o intuito de oferecer o que h\u00e1 de mais avan\u00e7ado em rela\u00e7\u00e3o a tratamento em Depend\u00eancia Qu\u00edmica, Alcoolismo e Transtornos Psiqui\u00e1tricos em geral. Estruturas diferenciadas e uma equipe multidisciplinar completa como Psiquiatra, Psic\u00f3logo, Enfermagem, Nutricionista, Cozinheira, Seguran\u00e7a e Terapeuta 24 horas. Atividade F\u00edsica, Terapia Ocupacionais, Lazer e [&hellip;]","og_url":"https:\/\/clinicacorrentedobem.com.br\/?page_id=537","og_site_name":"Cl\u00ednica Corrente do Bem","article_modified_time":"2024-12-11T16:32:46+00:00","twitter_card":"summary_large_image","twitter_misc":{"Est. tempo de leitura":"2 minutos"},"schema":{"@context":"https:\/\/schema.org","@graph":[{"@type":"WebPage","@id":"https:\/\/clinicacorrentedobem.com.br\/?page_id=537","url":"https:\/\/clinicacorrentedobem.com.br\/?page_id=537","name":"Quem Somos - Cl\u00ednica Corrente do Bem","isPartOf":{"@id":"https:\/\/clinicacorrentedobem.com.br\/#website"},"datePublished":"2017-05-16T23:25:53+00:00","dateModified":"2024-12-11T16:32:46+00:00","breadcrumb":{"@id":"https:\/\/clinicacorrentedobem.com.br\/?page_id=537#breadcrumb"},"inLanguage":"pt-BR","potentialAction":[{"@type":"ReadAction","target":["https:\/\/clinicacorrentedobem.com.br\/?page_id=537"]}]},{"@type":"BreadcrumbList","@id":"https:\/\/clinicacorrentedobem.com.br\/?page_id=537#breadcrumb","itemListElement":[{"@type":"ListItem","position":1,"name":"In\u00edcio","item":"https:\/\/clinicacorrentedobem.com.br\/"},{"@type":"ListItem","position":2,"name":"Quem Somos"}]},{"@type":"WebSite","@id":"https:\/\/clinicacorrentedobem.com.br\/#website","url":"https:\/\/clinicacorrentedobem.com.br\/","name":"Cl\u00ednica Corrente do Bem","description":"Depend\u00eancia Qu\u00edmica, Alcoolismo e Transtornos Mentais","potentialAction":[{"@type":"SearchAction","target":{"@type":"EntryPoint","urlTemplate":"https:\/\/clinicacorrentedobem.com.br\/?s={search_term_string}"},"query-input":{"@type":"PropertyValueSpecification","valueRequired":true,"valueName":"search_term_string"}}],"inLanguage":"pt-BR"}]}},"_links":{"self":[{"href":"https:\/\/clinicacorrentedobem.com.br\/index.php?rest_route=\/wp\/v2\/pages\/537","targetHints":{"allow":["GET"]}}],"collection":[{"href":"https:\/\/clinicacorrentedobem.com.br\/index.php?rest_route=\/wp\/v2\/pages"}],"about":[{"href":"https:\/\/clinicacorrentedobem.com.br\/index.php?rest_route=\/wp\/v2\/types\/page"}],"author":[{"embeddable":true,"href":"https:\/\/clinicacorrentedobem.com.br\/index.php?rest_route=\/wp\/v2\/users\/1"}],"replies":[{"embeddable":true,"href":"https:\/\/clinicacorrentedobem.com.br\/index.php?rest_route=%2Fwp%2Fv2%2Fcomments&post=537"}],"version-history":[{"count":59,"href":"https:\/\/clinicacorrentedobem.com.br\/index.php?rest_route=\/wp\/v2\/pages\/537\/revisions"}],"predecessor-version":[{"id":3021,"href":"https:\/\/clinicacorrentedobem.com.br\/index.php?rest_route=\/wp\/v2\/pages\/537\/revisions\/3021"}],"wp:attachment":[{"href":"https:\/\/clinicacorrentedobem.com.br\/index.php?rest_route=%2Fwp%2Fv2%2Fmedia&parent=537"}],"curies":[{"name":"wp","href":"https:\/\/api.w.org\/{rel}","templated":true}]}}